{"id":1700,"date":"2021-04-30T18:35:57","date_gmt":"2021-04-30T18:35:57","guid":{"rendered":"https:\/\/agwoserwis.pl\/?page_id=1700"},"modified":"2021-04-30T18:38:38","modified_gmt":"2021-04-30T18:38:38","slug":"polityka-prywatnosci","status":"publish","type":"page","link":"https:\/\/sliwowscy.pl\/index.php\/polityka-prywatnosci\/","title":{"rendered":"POLITYKA PRYWATNO\u015aCI"},"content":{"rendered":"\n<h2 class=\"wp-block-heading\"><\/h2>\n\n\n\n<p>1. Informacje Og\u00f3lne<br>1.1. Na naszej stronie u\u017cywamy plik\u00f3w cookies, aby maksymalnie u\u0142atwi\u0107 korzystanie z naszego serwisu przez U\u017cytkownika. Pliki cookies mog\u0105 zawiera\u0107 informacje dotycz\u0105ce U\u017cytkownika, jego preferencji lub u\u017cywanego przez niego urz\u0105dzenia. Gromadzone informacje nie pozwalaj\u0105 na bezpo\u015bredni\u0105 identyfikacj\u0119 U\u017cytkownika, lecz mog\u0105 umo\u017cliwi\u0107 korzystanie z serwisu w spos\u00f3b dostosowany do jego osobistych preferencji.<br>1.2. Szanujemy prawo U\u017cytkownika do prywatno\u015bci, dlatego te\u017c mo\u017ce on nie zezwoli\u0107 na stosowanie niekt\u00f3rych rodzaj\u00f3w plik\u00f3w cookies. Zablokowanie niekt\u00f3rych rodzaj\u00f3w plik\u00f3w cookies mo\u017ce mie\u0107 negatywny wp\u0142yw na korzystanie z witryny i oferowanych przez nas us\u0142ug. Preferencje dotycz\u0105ce plik\u00f3w cookies wybrane na naszej stronie zostan\u0105 zapami\u0119tane i b\u0119d\u0105 uwzgl\u0119dniane przy ka\u017cdej wizycie U\u017cytkownika na tej stronie.<br><br>2. Administrator danych osobowych<br>2.1. Administratorem danych osobowych jest AGWO SERWIS, Zielone Kamedulskie 27, 16-402 Suwa\u0142ki (dalej: \u201eAdministrator\u201d).<br>2.2. Administrator przetwarza dane osobowe U\u017cytkownik\u00f3w w spos\u00f3b opisany w niniejszej Polityce Prywatno\u015bci.<br><br>3. Podstawa prawna i cel przetwarzania danych<br>3.1. Podstaw\u0105 prawn\u0105 przetwarzania danych osobowych U\u017cytkownika jest prawnie uzasadniony interes Administratora w postaci prowadzenia statystyk dotycz\u0105cych strony internetowej.<br><br>4. Rodzaj danych zbieranych za po\u015brednictwem plik\u00f3w cookies.<br>4.1. Za pomoc\u0105 technologii plik\u00f3w cookies Administrator zbiera jedynie anonimowe dane statystyczne, s\u0142u\u017c\u0105ce do poprawy wygody korzystania ze strony internetowej przez U\u017cytkownika. Administrator nie zbiera \u017cadnych danych pozwalaj\u0105cych na identyfikacj\u0119 U\u017cytkownika. Jedyn\u0105 informacj\u0105 o U\u017cytkowniku, kt\u00f3ra jednak bez po\u0142\u0105czenia z innymi danym nie pozwala na jego identyfikacj\u0119, jest adres IP, z kt\u00f3rego \u0142\u0105czy si\u0119 dany U\u017cytkownik.<br>4.2. Za pomoc\u0105 plik\u00f3w cookies Administrator nie zbiera \u017cadnych innych danych osobowych dotycz\u0105cych U\u017cytkownika.<br><br>5. Rodzaje plik\u00f3w cookies wykorzystywanych na naszej stronie internetowej<br>5.1. Cookies sesyjne przechowywane s\u0105 w urz\u0105dzeniu U\u017cytkownika i pozostaj\u0105 na nim do momentu zako\u0144czenia sesji danej przegl\u0105darki. Zapisane informacje s\u0105 w\u00f3wczas trwale usuwane z pami\u0119ci urz\u0105dzenia U\u017cytkownika. Mechanizm cookies sesyjnych nie pozwala na pobieranie jakichkolwiek danych osobowych ani \u017cadnych informacji poufnych z urz\u0105dzenia U\u017cytkownika.<br>5.2. Cookies trwa\u0142e przechowywane s\u0105 w urz\u0105dzeniu U\u017cytkownika i pozostaj\u0105 do momentu ich skasowania. Zako\u0144czenie sesji danej przegl\u0105darki lub wy\u0142\u0105czenie urz\u0105dzenia nie powoduje ich usuni\u0119cia. Podobnie jak w przypadku cookies sesyjnych, mechanizm cookies trwa\u0142ych nie pozwala na pobieranie jakichkolwiek danych osobowych ani \u017cadnych informacji poufnych z urz\u0105dzenia U\u017cytkownika.<br>5.3. Cookies w\u0142asne to nasze cookies, kt\u00f3re wykorzystywane s\u0105 w celu poprawnego dzia\u0142ania strony internetowej, a w szczeg\u00f3lno\u015bci dostosowania jej zawarto\u015bci do preferencji U\u017cytkownika oraz optymalizacji korzystania z niej przez U\u017cytkownika.<br>5.4. Cookies zewn\u0119trze to cookies innych podmiot\u00f3w. Przy pomocy Google Analytics zbierane s\u0105 na naszej stronie og\u00f3lne i anonimowe dane statyczne za po\u015brednictwem narz\u0119dzi analitycznych (administrator cookies: Google Inc z siedzib\u0105 w USA).<br>5.5. Cookies techniczne wykorzystywane s\u0105 w celu prawid\u0142owego dzia\u0142ania strony internetowej.<br>5.6. Cookies analityczne wykorzystywane s\u0105 po to, aby ulepszy\u0107 funkcjonowanie strony internetowej oraz mierzy\u0107, nie identyfikuj\u0105c danych osobowych U\u017cytkownika, skuteczno\u015b\u0107 podejmowanych przez nas dzia\u0142a\u0144 marketingowych.<br><br>6. Rezygnacja z akceptowania plik\u00f3w cookies<br>6.1. Przegl\u0105darki internetowe domy\u015blnie dopuszczaj\u0105 przechowywanie plik\u00f3w cookies. Je\u015bli jednak dany U\u017cytkownik chce ograniczy\u0107 lub zablokowa\u0107 pliki cookies, zawsze mo\u017ce to zrobi\u0107 za pomoc\u0105 ustawie\u0144 przegl\u0105darki na urz\u0105dzeniu, z kt\u00f3rego korzysta.<br>6.2. Efektem zmiany ustawie\u0144 w przegl\u0105darce mo\u017ce by\u0107 utrata mo\u017cliwo\u015bci korzystania z niekt\u00f3rych funkcjonalno\u015bci dost\u0119pnych na stronie internetowej.<br><br>7. Prawa przys\u0142uguj\u0105ce U\u017cytkownikowi<br>7.1. U\u017cytkownikowi przys\u0142uguje prawo dost\u0119pu do tre\u015bci jego danych osobowych, \u017c\u0105danie ich sprostowania, usuni\u0119cia lub ograniczenia przetwarzania, prawo wniesienia sprzeciwu.<br>7.2. U\u017cytkownikowi przys\u0142uguje r\u00f3wnie\u017c prawo wniesienia skargi do organu nadzorczego \u2013 Prezesa Urz\u0119du Ochrony Danych Osobowych.<\/p>\n","protected":false},"excerpt":{"rendered":"<p>1. Informacje Og\u00f3lne1.1. Na naszej stronie u\u017cywamy plik\u00f3w cookies, aby maksymalnie u\u0142atwi\u0107 korzystanie z naszego serwisu przez U\u017cytkownika. Pliki cookies mog\u0105 zawiera\u0107 informacje dotycz\u0105ce U\u017cytkownika, jego preferencji lub u\u017cywanego przez niego urz\u0105dzenia. Gromadzone informacje nie pozwalaj\u0105 na bezpo\u015bredni\u0105 identyfikacj\u0119 U\u017cytkownika, lecz mog\u0105 umo\u017cliwi\u0107 korzystanie z serwisu w spos\u00f3b dostosowany do jego osobistych preferencji.1.2. Szanujemy prawo &hellip;<\/p>\n<p class=\"read-more\"> <a class=\"\" href=\"https:\/\/sliwowscy.pl\/index.php\/polityka-prywatnosci\/\"> <span class=\"screen-reader-text\">POLITYKA PRYWATNO\u015aCI<\/span> Read More &raquo;<\/a><\/p>\n","protected":false},"author":1,"featured_media":0,"parent":0,"menu_order":0,"comment_status":"closed","ping_status":"closed","template":"","meta":{"footnotes":""},"class_list":["post-1700","page","type-page","status-publish","hentry"],"_links":{"self":[{"href":"https:\/\/sliwowscy.pl\/index.php\/wp-json\/wp\/v2\/pages\/1700","targetHints":{"allow":["GET"]}}],"collection":[{"href":"https:\/\/sliwowscy.pl\/index.php\/wp-json\/wp\/v2\/pages"}],"about":[{"href":"https:\/\/sliwowscy.pl\/index.php\/wp-json\/wp\/v2\/types\/page"}],"author":[{"embeddable":true,"href":"https:\/\/sliwowscy.pl\/index.php\/wp-json\/wp\/v2\/users\/1"}],"replies":[{"embeddable":true,"href":"https:\/\/sliwowscy.pl\/index.php\/wp-json\/wp\/v2\/comments?post=1700"}],"version-history":[{"count":0,"href":"https:\/\/sliwowscy.pl\/index.php\/wp-json\/wp\/v2\/pages\/1700\/revisions"}],"wp:attachment":[{"href":"https:\/\/sliwowscy.pl\/index.php\/wp-json\/wp\/v2\/media?parent=1700"}],"curies":[{"name":"wp","href":"https:\/\/api.w.org\/{rel}","templated":true}]}}