{"id":1831,"date":"2025-10-05T18:15:53","date_gmt":"2025-10-05T18:15:53","guid":{"rendered":"https:\/\/sliwowscy.pl\/?page_id=1831"},"modified":"2025-10-05T18:34:06","modified_gmt":"2025-10-05T18:34:06","slug":"frez","status":"publish","type":"page","link":"https:\/\/sliwowscy.pl\/index.php\/frez\/","title":{"rendered":"Frezowanie FELG"},"content":{"rendered":"\t\t<div data-elementor-type=\"wp-page\" data-elementor-id=\"1831\" class=\"elementor elementor-1831\" data-elementor-settings=\"[]\">\n\t\t\t\t\t\t\t<div class=\"elementor-section-wrap\">\n\t\t\t\t\t\t\t<section class=\"elementor-section elementor-top-section elementor-element elementor-element-2f4e4fd elementor-section-boxed elementor-section-height-default elementor-section-height-default\" data-id=\"2f4e4fd\" data-element_type=\"section\" data-settings=\"{&quot;background_background&quot;:&quot;classic&quot;}\">\n\t\t\t\t\t\t\t<div class=\"elementor-background-overlay\"><\/div>\n\t\t\t\t\t\t\t<div class=\"elementor-container elementor-column-gap-default\">\n\t\t\t\t\t<div class=\"elementor-column elementor-col-100 elementor-top-column elementor-element elementor-element-9147f80\" data-id=\"9147f80\" data-element_type=\"column\">\n\t\t\t<div class=\"elementor-widget-wrap elementor-element-populated\">\n\t\t\t\t\t\t\t\t<div class=\"elementor-element elementor-element-80b5de7 elementor-widget elementor-widget-heading\" data-id=\"80b5de7\" data-element_type=\"widget\" data-widget_type=\"heading.default\">\n\t\t\t\t<div class=\"elementor-widget-container\">\n\t\t\t<h1 class=\"elementor-heading-title elementor-size-default\">Frezowanie felg<\/h1>\t\t<\/div>\n\t\t\t\t<\/div>\n\t\t\t\t\t<\/div>\n\t\t<\/div>\n\t\t\t\t\t\t\t<\/div>\n\t\t<\/section>\n\t\t\t\t<section class=\"elementor-section elementor-top-section elementor-element elementor-element-fc6b71f elementor-section-boxed elementor-section-height-default elementor-section-height-default\" data-id=\"fc6b71f\" data-element_type=\"section\">\n\t\t\t\t\t\t<div class=\"elementor-container elementor-column-gap-default\">\n\t\t\t\t\t<div class=\"elementor-column elementor-col-100 elementor-top-column elementor-element elementor-element-4843f8c\" data-id=\"4843f8c\" data-element_type=\"column\">\n\t\t\t<div class=\"elementor-widget-wrap elementor-element-populated\">\n\t\t\t\t\t\t\t\t<div class=\"elementor-element elementor-element-30fedf2 elementor-widget elementor-widget-spacer\" data-id=\"30fedf2\" data-element_type=\"widget\" data-widget_type=\"spacer.default\">\n\t\t\t\t<div class=\"elementor-widget-container\">\n\t\t\t\t\t<div class=\"elementor-spacer\">\n\t\t\t<div class=\"elementor-spacer-inner\"><\/div>\n\t\t<\/div>\n\t\t\t\t<\/div>\n\t\t\t\t<\/div>\n\t\t\t\t\t<\/div>\n\t\t<\/div>\n\t\t\t\t\t\t\t<\/div>\n\t\t<\/section>\n\t\t\t\t<section class=\"elementor-section elementor-top-section elementor-element elementor-element-a960dfd elementor-section-boxed elementor-section-height-default elementor-section-height-default\" data-id=\"a960dfd\" data-element_type=\"section\" data-settings=\"{&quot;background_background&quot;:&quot;classic&quot;}\">\n\t\t\t\t\t\t\t<div class=\"elementor-background-overlay\"><\/div>\n\t\t\t\t\t\t\t<div class=\"elementor-container elementor-column-gap-default\">\n\t\t\t\t\t<div class=\"elementor-column elementor-col-100 elementor-top-column elementor-element elementor-element-85f1599\" data-id=\"85f1599\" data-element_type=\"column\">\n\t\t\t<div class=\"elementor-widget-wrap elementor-element-populated\">\n\t\t\t\t\t\t\t\t<div class=\"elementor-element elementor-element-a710cb1 elementor-widget elementor-widget-heading\" data-id=\"a710cb1\" data-element_type=\"widget\" data-widget_type=\"heading.default\">\n\t\t\t\t<div class=\"elementor-widget-container\">\n\t\t\t<h2 class=\"elementor-heading-title elementor-size-default\">Frezowanie otwor\u00f3w centruj\u0105cych felg na maszynach CNC<\/h2>\t\t<\/div>\n\t\t\t\t<\/div>\n\t\t\t\t<div class=\"elementor-element elementor-element-b34a912 elementor-widget elementor-widget-spacer\" data-id=\"b34a912\" data-element_type=\"widget\" data-widget_type=\"spacer.default\">\n\t\t\t\t<div class=\"elementor-widget-container\">\n\t\t\t\t\t<div class=\"elementor-spacer\">\n\t\t\t<div class=\"elementor-spacer-inner\"><\/div>\n\t\t<\/div>\n\t\t\t\t<\/div>\n\t\t\t\t<\/div>\n\t\t\t\t<div class=\"elementor-element elementor-element-4bd646b elementor-widget elementor-widget-text-editor\" data-id=\"4bd646b\" data-element_type=\"widget\" data-widget_type=\"text-editor.default\">\n\t\t\t\t<div class=\"elementor-widget-container\">\n\t\t\t\t\t\t\t\t<p><strong>Frezowanie otwor\u00f3w centruj\u0105cych i rozwiercanie otwor\u00f3w monta\u017cowych<\/strong><\/p><p><strong>Dopasuj felgi idealnie do swojego auta!<\/strong><\/p><p>Oferujemy profesjonalne us\u0142ugi\u00a0<strong>frezowania otwor\u00f3w centruj\u0105cych<\/strong>\u00a0oraz\u00a0<strong>rozwiercania otwor\u00f3w monta\u017cowych<\/strong>\u00a0w felgach stalowych i aluminiowych. Dzi\u0119ki tym us\u0142ugom mo\u017cliwe jest idealne dopasowanie felg do piasty i rozstawu \u015brub konkretnego modelu samochodu \u2013 bez potrzeby stosowania pier\u015bcieni centruj\u0105cych czy adapter\u00f3w.<\/p><p><strong>Frezowanie otworu centruj\u0105cego:<\/strong><\/p><p>Precyzyjnie powi\u0119kszamy lub dopasowujemy \u015brednic\u0119 otworu centruj\u0105cego felgi do konkretnej piasty ko\u0142a. Zapewnia to:<\/p><ul><li>idealne wycentrowanie felgi,<\/li><li>brak wibracji podczas jazdy,<\/li><li>wi\u0119ksze bezpiecze\u0144stwo i komfort u\u017cytkowania.<\/li><\/ul><p><strong>Rozwiercanie otwor\u00f3w monta\u017cowych:<\/strong><\/p><p>Je\u015bli rozmiar otworu \u015brub w felgach nie pasuje do Twojego auta, oferujemy us\u0142ug\u0119 rozwiercania otwor\u00f3w monta\u017cowych, z zachowaniem pe\u0142nej precyzji i symetrii.<\/p><p><strong>Dlaczego warto skorzysta\u0107 z naszych us\u0142ug?<\/strong><\/p><ul><li>Nowoczesny park maszynowy (frezarki CNC, tokarki),<\/li><li>Wieloletnie do\u015bwiadczenie,<\/li><li>Indywidualne podej\u015bcie do ka\u017cdego zlecenia,<\/li><li>Gwarancja dok\u0142adno\u015bci i bezpiecze\u0144stwa.<\/li><\/ul><p>Masz pyania?<\/p><p><strong>Skontaktuj si\u0119 z nami!<\/strong><br \/>Pomo\u017cemy dobra\u0107 odpowiednie rozwi\u0105zanie dopasowane do Twojego auta i felg.<\/p><p>*maksymalny rozmiar felg to 22 cale<\/p>\t\t\t\t\t\t<\/div>\n\t\t\t\t<\/div>\n\t\t\t\t\t<\/div>\n\t\t<\/div>\n\t\t\t\t\t\t\t<\/div>\n\t\t<\/section>\n\t\t\t\t\t\t<\/div>\n\t\t\t\t\t<\/div>\n\t\t","protected":false},"excerpt":{"rendered":"<p>Frezowanie felg Frezowanie otwor\u00f3w centruj\u0105cych felg na maszynach CNC Frezowanie otwor\u00f3w centruj\u0105cych i rozwiercanie otwor\u00f3w monta\u017cowych Dopasuj felgi idealnie do swojego auta! Oferujemy profesjonalne us\u0142ugi\u00a0frezowania otwor\u00f3w centruj\u0105cych\u00a0oraz\u00a0rozwiercania otwor\u00f3w monta\u017cowych\u00a0w felgach stalowych i aluminiowych. Dzi\u0119ki tym us\u0142ugom mo\u017cliwe jest idealne dopasowanie felg do piasty i rozstawu \u015brub konkretnego modelu samochodu \u2013 bez potrzeby stosowania pier\u015bcieni centruj\u0105cych &hellip;<\/p>\n<p class=\"read-more\"> <a class=\"\" href=\"https:\/\/sliwowscy.pl\/index.php\/frez\/\"> <span class=\"screen-reader-text\">Frezowanie FELG<\/span> Read More &raquo;<\/a><\/p>\n","protected":false},"author":1,"featured_media":0,"parent":0,"menu_order":0,"comment_status":"closed","ping_status":"closed","template":"elementor_header_footer","meta":{"footnotes":""},"class_list":["post-1831","page","type-page","status-publish","hentry"],"_links":{"self":[{"href":"https:\/\/sliwowscy.pl\/index.php\/wp-json\/wp\/v2\/pages\/1831","targetHints":{"allow":["GET"]}}],"collection":[{"href":"https:\/\/sliwowscy.pl\/index.php\/wp-json\/wp\/v2\/pages"}],"about":[{"href":"https:\/\/sliwowscy.pl\/index.php\/wp-json\/wp\/v2\/types\/page"}],"author":[{"embeddable":true,"href":"https:\/\/sliwowscy.pl\/index.php\/wp-json\/wp\/v2\/users\/1"}],"replies":[{"embeddable":true,"href":"https:\/\/sliwowscy.pl\/index.php\/wp-json\/wp\/v2\/comments?post=1831"}],"version-history":[{"count":17,"href":"https:\/\/sliwowscy.pl\/index.php\/wp-json\/wp\/v2\/pages\/1831\/revisions"}],"predecessor-version":[{"id":1852,"href":"https:\/\/sliwowscy.pl\/index.php\/wp-json\/wp\/v2\/pages\/1831\/revisions\/1852"}],"wp:attachment":[{"href":"https:\/\/sliwowscy.pl\/index.php\/wp-json\/wp\/v2\/media?parent=1831"}],"curies":[{"name":"wp","href":"https:\/\/api.w.org\/{rel}","templated":true}]}}